{"id":287,"date":"2019-06-07T18:04:10","date_gmt":"2019-06-07T16:04:10","guid":{"rendered":"http:\/\/www.laboriebasse.fr\/?page_id=287"},"modified":"2024-01-15T22:30:18","modified_gmt":"2024-01-15T21:30:18","slug":"la-grange-le-sancy","status":"publish","type":"page","link":"http:\/\/www.laboriebasse.fr\/de\/la-grange-le-sancy\/","title":{"rendered":"(Fran\u00e7ais) La Grange + Le Sancy"},"content":{"rendered":"<p class=\"qtranxs-available-languages-message qtranxs-available-languages-message-de\">Leider ist der Eintrag nur auf <a href=\"http:\/\/www.laboriebasse.fr\/fr\/wp-json\/wp\/v2\/pages\/287\" class=\"qtranxs-available-language-link qtranxs-available-language-link-fr\" title=\"Fran\u00e7ais\">Franz\u00f6sisch<\/a> verf\u00fcgbar.<\/p>","protected":false},"excerpt":{"rendered":"<p>Leider ist der Eintrag nur auf Franz\u00f6sisch verf\u00fcgbar.<\/p>\n","protected":false},"author":1,"featured_media":0,"parent":0,"menu_order":0,"comment_status":"closed","ping_status":"closed","template":"","meta":[],"yoast_head":"<!-- This site is optimized with the Yoast SEO plugin v19.6 - https:\/\/yoast.com\/wordpress\/plugins\/seo\/ -->\n<title>(Fran\u00e7ais) La Grange + Le Sancy - Les G\u00eetes de la Borie Basse<\/title>\n<meta name=\"robots\" content=\"index, follow, max-snippet:-1, max-image-preview:large, max-video-preview:-1\" \/>\n<link rel=\"canonical\" href=\"https:\/\/www.laboriebasse.fr\/en\/la-grange-le-sancy\/\" \/>\n<meta property=\"og:locale\" content=\"de_DE\" \/>\n<meta property=\"og:type\" content=\"article\" \/>\n<meta property=\"og:title\" content=\"(Fran\u00e7ais) La Grange + Le Sancy - Les G\u00eetes de la Borie Basse\" \/>\n<meta property=\"og:description\" content=\"Leider ist der Eintrag nur auf Franz\u00f6sisch verf\u00fcgbar.\" \/>\n<meta property=\"og:url\" content=\"https:\/\/www.laboriebasse.fr\/en\/la-grange-le-sancy\/\" \/>\n<meta property=\"og:site_name\" content=\"Les G\u00eetes de la Borie Basse\" \/>\n<meta property=\"article:modified_time\" content=\"2024-01-15T21:30:18+00:00\" \/>\n<meta name=\"twitter:card\" content=\"summary\" \/>\n<meta name=\"twitter:label1\" content=\"Gesch\u00e4tzte Lesezeit\" \/>\n\t<meta name=\"twitter:data1\" content=\"1\u00a0Minute\" \/>\n<script type=\"application\/ld+json\" class=\"yoast-schema-graph\">{\"@context\":\"https:\/\/schema.org\",\"@graph\":[{\"@type\":\"WebPage\",\"@id\":\"https:\/\/www.laboriebasse.fr\/en\/la-grange-le-sancy\/\",\"url\":\"https:\/\/www.laboriebasse.fr\/en\/la-grange-le-sancy\/\",\"name\":\"(Fran\u00e7ais) La Grange + Le Sancy - Les G\u00eetes de la Borie Basse\",\"isPartOf\":{\"@id\":\"http:\/\/www.laboriebasse.fr\/#website\"},\"datePublished\":\"2019-06-07T16:04:10+00:00\",\"dateModified\":\"2024-01-15T21:30:18+00:00\",\"breadcrumb\":{\"@id\":\"https:\/\/www.laboriebasse.fr\/en\/la-grange-le-sancy\/#breadcrumb\"},\"inLanguage\":\"de\",\"potentialAction\":[{\"@type\":\"ReadAction\",\"target\":[\"https:\/\/www.laboriebasse.fr\/en\/la-grange-le-sancy\/\"]}]},{\"@type\":\"BreadcrumbList\",\"@id\":\"https:\/\/www.laboriebasse.fr\/en\/la-grange-le-sancy\/#breadcrumb\",\"itemListElement\":[{\"@type\":\"ListItem\",\"position\":1,\"name\":\"Accueil\",\"item\":\"http:\/\/www.laboriebasse.fr\/\"},{\"@type\":\"ListItem\",\"position\":2,\"name\":\"(Fran\u00e7ais) La Grange + Le Sancy\"}]},{\"@type\":\"WebSite\",\"@id\":\"http:\/\/www.laboriebasse.fr\/#website\",\"url\":\"http:\/\/www.laboriebasse.fr\/\",\"name\":\"Les G\u00eetes de la Borie Basse\",\"description\":\"Le confort dans une nature en grand format\",\"potentialAction\":[{\"@type\":\"SearchAction\",\"target\":{\"@type\":\"EntryPoint\",\"urlTemplate\":\"http:\/\/www.laboriebasse.fr\/?s={search_term_string}\"},\"query-input\":\"required name=search_term_string\"}],\"inLanguage\":\"de\"}]}<\/script>\n<!-- \/ Yoast SEO plugin. -->","yoast_head_json":{"title":"(Fran\u00e7ais) La Grange + Le Sancy - Les G\u00eetes de la Borie Basse","robots":{"index":"index","follow":"follow","max-snippet":"max-snippet:-1","max-image-preview":"max-image-preview:large","max-video-preview":"max-video-preview:-1"},"canonical":"https:\/\/www.laboriebasse.fr\/en\/la-grange-le-sancy\/","og_locale":"de_DE","og_type":"article","og_title":"(Fran\u00e7ais) La Grange + Le Sancy - Les G\u00eetes de la Borie Basse","og_description":"Leider ist der Eintrag nur auf Franz\u00f6sisch verf\u00fcgbar.","og_url":"https:\/\/www.laboriebasse.fr\/en\/la-grange-le-sancy\/","og_site_name":"Les G\u00eetes de la Borie Basse","article_modified_time":"2024-01-15T21:30:18+00:00","twitter_card":"summary","twitter_misc":{"Gesch\u00e4tzte Lesezeit":"1\u00a0Minute"},"schema":{"@context":"https:\/\/schema.org","@graph":[{"@type":"WebPage","@id":"https:\/\/www.laboriebasse.fr\/en\/la-grange-le-sancy\/","url":"https:\/\/www.laboriebasse.fr\/en\/la-grange-le-sancy\/","name":"(Fran\u00e7ais) La Grange + Le Sancy - Les G\u00eetes de la Borie Basse","isPartOf":{"@id":"http:\/\/www.laboriebasse.fr\/#website"},"datePublished":"2019-06-07T16:04:10+00:00","dateModified":"2024-01-15T21:30:18+00:00","breadcrumb":{"@id":"https:\/\/www.laboriebasse.fr\/en\/la-grange-le-sancy\/#breadcrumb"},"inLanguage":"de","potentialAction":[{"@type":"ReadAction","target":["https:\/\/www.laboriebasse.fr\/en\/la-grange-le-sancy\/"]}]},{"@type":"BreadcrumbList","@id":"https:\/\/www.laboriebasse.fr\/en\/la-grange-le-sancy\/#breadcrumb","itemListElement":[{"@type":"ListItem","position":1,"name":"Accueil","item":"http:\/\/www.laboriebasse.fr\/"},{"@type":"ListItem","position":2,"name":"(Fran\u00e7ais) La Grange + Le Sancy"}]},{"@type":"WebSite","@id":"http:\/\/www.laboriebasse.fr\/#website","url":"http:\/\/www.laboriebasse.fr\/","name":"Les G\u00eetes de la Borie Basse","description":"Le confort dans une nature en grand format","potentialAction":[{"@type":"SearchAction","target":{"@type":"EntryPoint","urlTemplate":"http:\/\/www.laboriebasse.fr\/?s={search_term_string}"},"query-input":"required name=search_term_string"}],"inLanguage":"de"}]}},"_links":{"self":[{"href":"http:\/\/www.laboriebasse.fr\/de\/wp-json\/wp\/v2\/pages\/287"}],"collection":[{"href":"http:\/\/www.laboriebasse.fr\/de\/wp-json\/wp\/v2\/pages"}],"about":[{"href":"http:\/\/www.laboriebasse.fr\/de\/wp-json\/wp\/v2\/types\/page"}],"author":[{"embeddable":true,"href":"http:\/\/www.laboriebasse.fr\/de\/wp-json\/wp\/v2\/users\/1"}],"replies":[{"embeddable":true,"href":"http:\/\/www.laboriebasse.fr\/de\/wp-json\/wp\/v2\/comments?post=287"}],"version-history":[{"count":13,"href":"http:\/\/www.laboriebasse.fr\/de\/wp-json\/wp\/v2\/pages\/287\/revisions"}],"predecessor-version":[{"id":571,"href":"http:\/\/www.laboriebasse.fr\/de\/wp-json\/wp\/v2\/pages\/287\/revisions\/571"}],"wp:attachment":[{"href":"http:\/\/www.laboriebasse.fr\/de\/wp-json\/wp\/v2\/media?parent=287"}],"curies":[{"name":"wp","href":"https:\/\/api.w.org\/{rel}","templated":true}]}}