{"id":65,"date":"2017-07-11T09:04:24","date_gmt":"2017-07-11T07:04:24","guid":{"rendered":"http:\/\/www.laboriebasse.fr\/?page_id=65"},"modified":"2024-05-12T18:50:31","modified_gmt":"2024-05-12T16:50:31","slug":"bienvenue","status":"publish","type":"page","link":"http:\/\/www.laboriebasse.fr\/de\/","title":{"rendered":"(Fran\u00e7ais) Bienvenue"},"content":{"rendered":"<p>Wir gestalteten diese Farm aus dem 19. Jahrhundert in zwei komfortable H\u00e4user f\u00fcr unsere G\u00e4ste den au\u00dfergew\u00f6hnlichen Charakter von Sancy zu genie\u00dfen.<\/p>\n<p>Der Sancy f\u00fcr 4 Personen mit einem sehr gro\u00dfen Wohnzimmer<br>La Grange 4 Personen<\/p>\n<p><iframe loading=\"lazy\" src=\"https:\/\/calendar.google.com\/calendar\/embed?src=si3iiu98vr87bumpg70hrhjegc%40group.calendar.google.com&amp;ctz=Europe%2FParis\" style=\"border: 0\" width=\"800\" height=\"600\" frameborder=\"0\" scrolling=\"no\"><\/iframe><\/p>\n\n\n<p><\/p>","protected":false},"excerpt":{"rendered":"<p>Wir gestalteten diese Farm aus dem 19. Jahrhundert in zwei komfortable H\u00e4user f\u00fcr unsere G\u00e4ste den au\u00dfergew\u00f6hnlichen Charakter von Sancy zu genie\u00dfen. Der Sancy f\u00fcr 4 Personen mit einem sehr gro\u00dfen WohnzimmerLa Grange 4 Personen<\/p>\n","protected":false},"author":1,"featured_media":0,"parent":0,"menu_order":0,"comment_status":"closed","ping_status":"closed","template":"","meta":[],"yoast_head":"<!-- This site is optimized with the Yoast SEO plugin v19.6 - https:\/\/yoast.com\/wordpress\/plugins\/seo\/ -->\n<title>(Fran\u00e7ais) Bienvenue - Les G\u00eetes de la Borie Basse<\/title>\n<meta name=\"robots\" content=\"index, follow, max-snippet:-1, max-image-preview:large, max-video-preview:-1\" \/>\n<link rel=\"canonical\" href=\"http:\/\/www.laboriebasse.fr\/\" \/>\n<meta property=\"og:locale\" content=\"de_DE\" \/>\n<meta property=\"og:type\" content=\"article\" \/>\n<meta property=\"og:title\" content=\"(Fran\u00e7ais) Bienvenue - Les G\u00eetes de la Borie Basse\" \/>\n<meta property=\"og:description\" content=\"Wir gestalteten diese Farm aus dem 19. Jahrhundert in zwei komfortable H\u00e4user f\u00fcr unsere G\u00e4ste den au\u00dfergew\u00f6hnlichen Charakter von Sancy zu genie\u00dfen. Der Sancy f\u00fcr 4 Personen mit einem sehr gro\u00dfen WohnzimmerLa Grange 4 Personen\" \/>\n<meta property=\"og:url\" content=\"http:\/\/www.laboriebasse.fr\/\" \/>\n<meta property=\"og:site_name\" content=\"Les G\u00eetes de la Borie Basse\" \/>\n<meta property=\"article:modified_time\" content=\"2024-05-12T16:50:31+00:00\" \/>\n<meta name=\"twitter:card\" content=\"summary\" \/>\n<meta name=\"twitter:label1\" content=\"Gesch\u00e4tzte Lesezeit\" \/>\n\t<meta name=\"twitter:data1\" content=\"1\u00a0Minute\" \/>\n<script type=\"application\/ld+json\" class=\"yoast-schema-graph\">{\"@context\":\"https:\/\/schema.org\",\"@graph\":[{\"@type\":\"WebPage\",\"@id\":\"http:\/\/www.laboriebasse.fr\/\",\"url\":\"http:\/\/www.laboriebasse.fr\/\",\"name\":\"(Fran\u00e7ais) Bienvenue - Les G\u00eetes de la Borie Basse\",\"isPartOf\":{\"@id\":\"http:\/\/www.laboriebasse.fr\/#website\"},\"datePublished\":\"2017-07-11T07:04:24+00:00\",\"dateModified\":\"2024-05-12T16:50:31+00:00\",\"breadcrumb\":{\"@id\":\"http:\/\/www.laboriebasse.fr\/#breadcrumb\"},\"inLanguage\":\"de\",\"potentialAction\":[{\"@type\":\"ReadAction\",\"target\":[\"http:\/\/www.laboriebasse.fr\/\"]}]},{\"@type\":\"BreadcrumbList\",\"@id\":\"http:\/\/www.laboriebasse.fr\/#breadcrumb\",\"itemListElement\":[{\"@type\":\"ListItem\",\"position\":1,\"name\":\"Accueil\",\"item\":\"http:\/\/www.laboriebasse.fr\/\"},{\"@type\":\"ListItem\",\"position\":2,\"name\":\"Bienvenue\"}]},{\"@type\":\"WebSite\",\"@id\":\"http:\/\/www.laboriebasse.fr\/#website\",\"url\":\"http:\/\/www.laboriebasse.fr\/\",\"name\":\"Les G\u00eetes de la Borie Basse\",\"description\":\"Le confort dans une nature en grand format\",\"potentialAction\":[{\"@type\":\"SearchAction\",\"target\":{\"@type\":\"EntryPoint\",\"urlTemplate\":\"http:\/\/www.laboriebasse.fr\/?s={search_term_string}\"},\"query-input\":\"required name=search_term_string\"}],\"inLanguage\":\"de\"}]}<\/script>\n<!-- \/ Yoast SEO plugin. -->","yoast_head_json":{"title":"(Fran\u00e7ais) Bienvenue - Les G\u00eetes de la Borie Basse","robots":{"index":"index","follow":"follow","max-snippet":"max-snippet:-1","max-image-preview":"max-image-preview:large","max-video-preview":"max-video-preview:-1"},"canonical":"http:\/\/www.laboriebasse.fr\/","og_locale":"de_DE","og_type":"article","og_title":"(Fran\u00e7ais) Bienvenue - Les G\u00eetes de la Borie Basse","og_description":"Wir gestalteten diese Farm aus dem 19. Jahrhundert in zwei komfortable H\u00e4user f\u00fcr unsere G\u00e4ste den au\u00dfergew\u00f6hnlichen Charakter von Sancy zu genie\u00dfen. Der Sancy f\u00fcr 4 Personen mit einem sehr gro\u00dfen WohnzimmerLa Grange 4 Personen","og_url":"http:\/\/www.laboriebasse.fr\/","og_site_name":"Les G\u00eetes de la Borie Basse","article_modified_time":"2024-05-12T16:50:31+00:00","twitter_card":"summary","twitter_misc":{"Gesch\u00e4tzte Lesezeit":"1\u00a0Minute"},"schema":{"@context":"https:\/\/schema.org","@graph":[{"@type":"WebPage","@id":"http:\/\/www.laboriebasse.fr\/","url":"http:\/\/www.laboriebasse.fr\/","name":"(Fran\u00e7ais) Bienvenue - Les G\u00eetes de la Borie Basse","isPartOf":{"@id":"http:\/\/www.laboriebasse.fr\/#website"},"datePublished":"2017-07-11T07:04:24+00:00","dateModified":"2024-05-12T16:50:31+00:00","breadcrumb":{"@id":"http:\/\/www.laboriebasse.fr\/#breadcrumb"},"inLanguage":"de","potentialAction":[{"@type":"ReadAction","target":["http:\/\/www.laboriebasse.fr\/"]}]},{"@type":"BreadcrumbList","@id":"http:\/\/www.laboriebasse.fr\/#breadcrumb","itemListElement":[{"@type":"ListItem","position":1,"name":"Accueil","item":"http:\/\/www.laboriebasse.fr\/"},{"@type":"ListItem","position":2,"name":"Bienvenue"}]},{"@type":"WebSite","@id":"http:\/\/www.laboriebasse.fr\/#website","url":"http:\/\/www.laboriebasse.fr\/","name":"Les G\u00eetes de la Borie Basse","description":"Le confort dans une nature en grand format","potentialAction":[{"@type":"SearchAction","target":{"@type":"EntryPoint","urlTemplate":"http:\/\/www.laboriebasse.fr\/?s={search_term_string}"},"query-input":"required name=search_term_string"}],"inLanguage":"de"}]}},"_links":{"self":[{"href":"http:\/\/www.laboriebasse.fr\/de\/wp-json\/wp\/v2\/pages\/65"}],"collection":[{"href":"http:\/\/www.laboriebasse.fr\/de\/wp-json\/wp\/v2\/pages"}],"about":[{"href":"http:\/\/www.laboriebasse.fr\/de\/wp-json\/wp\/v2\/types\/page"}],"author":[{"embeddable":true,"href":"http:\/\/www.laboriebasse.fr\/de\/wp-json\/wp\/v2\/users\/1"}],"replies":[{"embeddable":true,"href":"http:\/\/www.laboriebasse.fr\/de\/wp-json\/wp\/v2\/comments?post=65"}],"version-history":[{"count":87,"href":"http:\/\/www.laboriebasse.fr\/de\/wp-json\/wp\/v2\/pages\/65\/revisions"}],"predecessor-version":[{"id":573,"href":"http:\/\/www.laboriebasse.fr\/de\/wp-json\/wp\/v2\/pages\/65\/revisions\/573"}],"wp:attachment":[{"href":"http:\/\/www.laboriebasse.fr\/de\/wp-json\/wp\/v2\/media?parent=65"}],"curies":[{"name":"wp","href":"https:\/\/api.w.org\/{rel}","templated":true}]}}