{"id":325,"date":"2019-10-25T17:41:47","date_gmt":"2019-10-25T15:41:47","guid":{"rendered":"http:\/\/www.laboriebasse.fr\/?page_id=325"},"modified":"2019-10-25T17:41:47","modified_gmt":"2019-10-25T15:41:47","slug":"les-randonnees-2","status":"publish","type":"page","link":"http:\/\/www.laboriebasse.fr\/en\/les-randonnees-2\/","title":{"rendered":"(Fran\u00e7ais) Les randonn\u00e9es"},"content":{"rendered":"<p class=\"qtranxs-available-languages-message qtranxs-available-languages-message-en\">Sorry, this entry is only available in <a href=\"http:\/\/www.laboriebasse.fr\/fr\/wp-json\/wp\/v2\/pages\/325\" class=\"qtranxs-available-language-link qtranxs-available-language-link-fr\" title=\"Fran\u00e7ais\">French<\/a>.<\/p>","protected":false},"excerpt":{"rendered":"<p>Sorry, this entry is only available in French.<\/p>\n","protected":false},"author":1,"featured_media":0,"parent":0,"menu_order":0,"comment_status":"closed","ping_status":"closed","template":"","meta":[],"yoast_head":"<!-- This site is optimized with the Yoast SEO plugin v19.6 - https:\/\/yoast.com\/wordpress\/plugins\/seo\/ -->\n<title>(Fran\u00e7ais) Les randonn\u00e9es - Les G\u00eetes de la Borie Basse<\/title>\n<meta name=\"robots\" content=\"index, follow, max-snippet:-1, max-image-preview:large, max-video-preview:-1\" \/>\n<link rel=\"canonical\" href=\"http:\/\/www.laboriebasse.fr\/de\/les-randonnees-2\/\" \/>\n<meta property=\"og:locale\" content=\"en_US\" \/>\n<meta property=\"og:type\" content=\"article\" \/>\n<meta property=\"og:title\" content=\"(Fran\u00e7ais) Les randonn\u00e9es - Les G\u00eetes de la Borie Basse\" \/>\n<meta property=\"og:description\" content=\"Sorry, this entry is only available in French.\" \/>\n<meta property=\"og:url\" content=\"http:\/\/www.laboriebasse.fr\/de\/les-randonnees-2\/\" \/>\n<meta property=\"og:site_name\" content=\"Les G\u00eetes de la Borie Basse\" \/>\n<meta name=\"twitter:card\" content=\"summary\" \/>\n<script type=\"application\/ld+json\" class=\"yoast-schema-graph\">{\"@context\":\"https:\/\/schema.org\",\"@graph\":[{\"@type\":\"WebPage\",\"@id\":\"http:\/\/www.laboriebasse.fr\/de\/les-randonnees-2\/\",\"url\":\"http:\/\/www.laboriebasse.fr\/de\/les-randonnees-2\/\",\"name\":\"(Fran\u00e7ais) Les randonn\u00e9es - Les G\u00eetes de la Borie Basse\",\"isPartOf\":{\"@id\":\"http:\/\/www.laboriebasse.fr\/#website\"},\"datePublished\":\"2019-10-25T15:41:47+00:00\",\"dateModified\":\"2019-10-25T15:41:47+00:00\",\"breadcrumb\":{\"@id\":\"http:\/\/www.laboriebasse.fr\/de\/les-randonnees-2\/#breadcrumb\"},\"inLanguage\":\"en-US\",\"potentialAction\":[{\"@type\":\"ReadAction\",\"target\":[\"http:\/\/www.laboriebasse.fr\/de\/les-randonnees-2\/\"]}]},{\"@type\":\"BreadcrumbList\",\"@id\":\"http:\/\/www.laboriebasse.fr\/de\/les-randonnees-2\/#breadcrumb\",\"itemListElement\":[{\"@type\":\"ListItem\",\"position\":1,\"name\":\"Accueil\",\"item\":\"http:\/\/www.laboriebasse.fr\/\"},{\"@type\":\"ListItem\",\"position\":2,\"name\":\"(Fran\u00e7ais) Les randonn\u00e9es\"}]},{\"@type\":\"WebSite\",\"@id\":\"http:\/\/www.laboriebasse.fr\/#website\",\"url\":\"http:\/\/www.laboriebasse.fr\/\",\"name\":\"Les G\u00eetes de la Borie Basse\",\"description\":\"Le confort dans une nature en grand format\",\"potentialAction\":[{\"@type\":\"SearchAction\",\"target\":{\"@type\":\"EntryPoint\",\"urlTemplate\":\"http:\/\/www.laboriebasse.fr\/?s={search_term_string}\"},\"query-input\":\"required name=search_term_string\"}],\"inLanguage\":\"en-US\"}]}<\/script>\n<!-- \/ Yoast SEO plugin. -->","yoast_head_json":{"title":"(Fran\u00e7ais) Les randonn\u00e9es - Les G\u00eetes de la Borie Basse","robots":{"index":"index","follow":"follow","max-snippet":"max-snippet:-1","max-image-preview":"max-image-preview:large","max-video-preview":"max-video-preview:-1"},"canonical":"http:\/\/www.laboriebasse.fr\/de\/les-randonnees-2\/","og_locale":"en_US","og_type":"article","og_title":"(Fran\u00e7ais) Les randonn\u00e9es - Les G\u00eetes de la Borie Basse","og_description":"Sorry, this entry is only available in French.","og_url":"http:\/\/www.laboriebasse.fr\/de\/les-randonnees-2\/","og_site_name":"Les G\u00eetes de la Borie Basse","twitter_card":"summary","schema":{"@context":"https:\/\/schema.org","@graph":[{"@type":"WebPage","@id":"http:\/\/www.laboriebasse.fr\/de\/les-randonnees-2\/","url":"http:\/\/www.laboriebasse.fr\/de\/les-randonnees-2\/","name":"(Fran\u00e7ais) Les randonn\u00e9es - Les G\u00eetes de la Borie Basse","isPartOf":{"@id":"http:\/\/www.laboriebasse.fr\/#website"},"datePublished":"2019-10-25T15:41:47+00:00","dateModified":"2019-10-25T15:41:47+00:00","breadcrumb":{"@id":"http:\/\/www.laboriebasse.fr\/de\/les-randonnees-2\/#breadcrumb"},"inLanguage":"en-US","potentialAction":[{"@type":"ReadAction","target":["http:\/\/www.laboriebasse.fr\/de\/les-randonnees-2\/"]}]},{"@type":"BreadcrumbList","@id":"http:\/\/www.laboriebasse.fr\/de\/les-randonnees-2\/#breadcrumb","itemListElement":[{"@type":"ListItem","position":1,"name":"Accueil","item":"http:\/\/www.laboriebasse.fr\/"},{"@type":"ListItem","position":2,"name":"(Fran\u00e7ais) Les randonn\u00e9es"}]},{"@type":"WebSite","@id":"http:\/\/www.laboriebasse.fr\/#website","url":"http:\/\/www.laboriebasse.fr\/","name":"Les G\u00eetes de la Borie Basse","description":"Le confort dans une nature en grand format","potentialAction":[{"@type":"SearchAction","target":{"@type":"EntryPoint","urlTemplate":"http:\/\/www.laboriebasse.fr\/?s={search_term_string}"},"query-input":"required name=search_term_string"}],"inLanguage":"en-US"}]}},"_links":{"self":[{"href":"http:\/\/www.laboriebasse.fr\/en\/wp-json\/wp\/v2\/pages\/325"}],"collection":[{"href":"http:\/\/www.laboriebasse.fr\/en\/wp-json\/wp\/v2\/pages"}],"about":[{"href":"http:\/\/www.laboriebasse.fr\/en\/wp-json\/wp\/v2\/types\/page"}],"author":[{"embeddable":true,"href":"http:\/\/www.laboriebasse.fr\/en\/wp-json\/wp\/v2\/users\/1"}],"replies":[{"embeddable":true,"href":"http:\/\/www.laboriebasse.fr\/en\/wp-json\/wp\/v2\/comments?post=325"}],"version-history":[{"count":2,"href":"http:\/\/www.laboriebasse.fr\/en\/wp-json\/wp\/v2\/pages\/325\/revisions"}],"predecessor-version":[{"id":399,"href":"http:\/\/www.laboriebasse.fr\/en\/wp-json\/wp\/v2\/pages\/325\/revisions\/399"}],"wp:attachment":[{"href":"http:\/\/www.laboriebasse.fr\/en\/wp-json\/wp\/v2\/media?parent=325"}],"curies":[{"name":"wp","href":"https:\/\/api.w.org\/{rel}","templated":true}]}}