{"id":202,"date":"2017-09-16T17:57:29","date_gmt":"2017-09-16T15:57:29","guid":{"rendered":"http:\/\/www.laboriebasse.fr\/?page_id=202"},"modified":"2017-09-16T17:57:29","modified_gmt":"2017-09-16T15:57:29","slug":"tarifs-gite-sancy-borie-basse","status":"publish","type":"page","link":"https:\/\/www.laboriebasse.fr\/de\/tarifs-gite-sancy-borie-basse\/","title":{"rendered":"(Fran\u00e7ais) TARIFS   GITE LE SANCY   LA BORIE BASSE"},"content":{"rendered":"<p class=\"qtranxs-available-languages-message qtranxs-available-languages-message-de\">Leider ist der Eintrag nur auf <a href=\"https:\/\/www.laboriebasse.fr\/fr\/wp-json\/wp\/v2\/pages\/202\" class=\"qtranxs-available-language-link qtranxs-available-language-link-fr\" title=\"Fran\u00e7ais\">Franz\u00f6sisch<\/a> verf\u00fcgbar.<\/p>","protected":false},"excerpt":{"rendered":"<p>Leider ist der Eintrag nur auf Franz\u00f6sisch verf\u00fcgbar.<\/p>\n","protected":false},"author":1,"featured_media":0,"parent":0,"menu_order":0,"comment_status":"closed","ping_status":"closed","template":"","meta":[],"yoast_head":"<!-- This site is optimized with the Yoast SEO plugin v19.6 - https:\/\/yoast.com\/wordpress\/plugins\/seo\/ -->\n<title>(Fran\u00e7ais) TARIFS  GITE LE SANCY  LA BORIE BASSE - Les G\u00eetes de la Borie Basse<\/title>\n<meta name=\"robots\" content=\"index, follow, max-snippet:-1, max-image-preview:large, max-video-preview:-1\" \/>\n<link rel=\"canonical\" href=\"http:\/\/www.laboriebasse.fr\/de\/tarifs-gite-sancy-borie-basse\/\" \/>\n<meta property=\"og:locale\" content=\"de_DE\" \/>\n<meta property=\"og:type\" content=\"article\" \/>\n<meta property=\"og:title\" content=\"(Fran\u00e7ais) TARIFS  GITE LE SANCY  LA BORIE BASSE - Les G\u00eetes de la Borie Basse\" \/>\n<meta property=\"og:description\" content=\"Leider ist der Eintrag nur auf Franz\u00f6sisch verf\u00fcgbar.\" \/>\n<meta property=\"og:url\" content=\"http:\/\/www.laboriebasse.fr\/de\/tarifs-gite-sancy-borie-basse\/\" \/>\n<meta property=\"og:site_name\" content=\"Les G\u00eetes de la Borie Basse\" \/>\n<meta name=\"twitter:card\" content=\"summary\" \/>\n<script type=\"application\/ld+json\" class=\"yoast-schema-graph\">{\"@context\":\"https:\/\/schema.org\",\"@graph\":[{\"@type\":\"WebPage\",\"@id\":\"http:\/\/www.laboriebasse.fr\/de\/tarifs-gite-sancy-borie-basse\/\",\"url\":\"http:\/\/www.laboriebasse.fr\/de\/tarifs-gite-sancy-borie-basse\/\",\"name\":\"(Fran\u00e7ais) TARIFS GITE LE SANCY LA BORIE BASSE - Les G\u00eetes de la Borie Basse\",\"isPartOf\":{\"@id\":\"http:\/\/www.laboriebasse.fr\/en\/#website\"},\"datePublished\":\"2017-09-16T15:57:29+00:00\",\"dateModified\":\"2017-09-16T15:57:29+00:00\",\"breadcrumb\":{\"@id\":\"http:\/\/www.laboriebasse.fr\/de\/tarifs-gite-sancy-borie-basse\/#breadcrumb\"},\"inLanguage\":\"de\",\"potentialAction\":[{\"@type\":\"ReadAction\",\"target\":[\"http:\/\/www.laboriebasse.fr\/de\/tarifs-gite-sancy-borie-basse\/\"]}]},{\"@type\":\"BreadcrumbList\",\"@id\":\"http:\/\/www.laboriebasse.fr\/de\/tarifs-gite-sancy-borie-basse\/#breadcrumb\",\"itemListElement\":[{\"@type\":\"ListItem\",\"position\":1,\"name\":\"Accueil\",\"item\":\"http:\/\/www.laboriebasse.fr\/en\/\"},{\"@type\":\"ListItem\",\"position\":2,\"name\":\"(Fran\u00e7ais) TARIFS GITE LE SANCY LA BORIE BASSE\"}]},{\"@type\":\"WebSite\",\"@id\":\"http:\/\/www.laboriebasse.fr\/en\/#website\",\"url\":\"http:\/\/www.laboriebasse.fr\/en\/\",\"name\":\"Les G\u00eetes de la Borie Basse\",\"description\":\"Le confort dans une nature en grand format\",\"potentialAction\":[{\"@type\":\"SearchAction\",\"target\":{\"@type\":\"EntryPoint\",\"urlTemplate\":\"http:\/\/www.laboriebasse.fr\/en\/?s={search_term_string}\"},\"query-input\":\"required name=search_term_string\"}],\"inLanguage\":\"de\"}]}<\/script>\n<!-- \/ Yoast SEO plugin. -->","yoast_head_json":{"title":"(Fran\u00e7ais) TARIFS  GITE LE SANCY  LA BORIE BASSE - Les G\u00eetes de la Borie Basse","robots":{"index":"index","follow":"follow","max-snippet":"max-snippet:-1","max-image-preview":"max-image-preview:large","max-video-preview":"max-video-preview:-1"},"canonical":"http:\/\/www.laboriebasse.fr\/de\/tarifs-gite-sancy-borie-basse\/","og_locale":"de_DE","og_type":"article","og_title":"(Fran\u00e7ais) TARIFS  GITE LE SANCY  LA BORIE BASSE - Les G\u00eetes de la Borie Basse","og_description":"Leider ist der Eintrag nur auf Franz\u00f6sisch verf\u00fcgbar.","og_url":"http:\/\/www.laboriebasse.fr\/de\/tarifs-gite-sancy-borie-basse\/","og_site_name":"Les G\u00eetes de la Borie Basse","twitter_card":"summary","schema":{"@context":"https:\/\/schema.org","@graph":[{"@type":"WebPage","@id":"http:\/\/www.laboriebasse.fr\/de\/tarifs-gite-sancy-borie-basse\/","url":"http:\/\/www.laboriebasse.fr\/de\/tarifs-gite-sancy-borie-basse\/","name":"(Fran\u00e7ais) TARIFS GITE LE SANCY LA BORIE BASSE - Les G\u00eetes de la Borie Basse","isPartOf":{"@id":"http:\/\/www.laboriebasse.fr\/en\/#website"},"datePublished":"2017-09-16T15:57:29+00:00","dateModified":"2017-09-16T15:57:29+00:00","breadcrumb":{"@id":"http:\/\/www.laboriebasse.fr\/de\/tarifs-gite-sancy-borie-basse\/#breadcrumb"},"inLanguage":"de","potentialAction":[{"@type":"ReadAction","target":["http:\/\/www.laboriebasse.fr\/de\/tarifs-gite-sancy-borie-basse\/"]}]},{"@type":"BreadcrumbList","@id":"http:\/\/www.laboriebasse.fr\/de\/tarifs-gite-sancy-borie-basse\/#breadcrumb","itemListElement":[{"@type":"ListItem","position":1,"name":"Accueil","item":"http:\/\/www.laboriebasse.fr\/en\/"},{"@type":"ListItem","position":2,"name":"(Fran\u00e7ais) TARIFS GITE LE SANCY LA BORIE BASSE"}]},{"@type":"WebSite","@id":"http:\/\/www.laboriebasse.fr\/en\/#website","url":"http:\/\/www.laboriebasse.fr\/en\/","name":"Les G\u00eetes de la Borie Basse","description":"Le confort dans une nature en grand format","potentialAction":[{"@type":"SearchAction","target":{"@type":"EntryPoint","urlTemplate":"http:\/\/www.laboriebasse.fr\/en\/?s={search_term_string}"},"query-input":"required name=search_term_string"}],"inLanguage":"de"}]}},"_links":{"self":[{"href":"https:\/\/www.laboriebasse.fr\/de\/wp-json\/wp\/v2\/pages\/202"}],"collection":[{"href":"https:\/\/www.laboriebasse.fr\/de\/wp-json\/wp\/v2\/pages"}],"about":[{"href":"https:\/\/www.laboriebasse.fr\/de\/wp-json\/wp\/v2\/types\/page"}],"author":[{"embeddable":true,"href":"https:\/\/www.laboriebasse.fr\/de\/wp-json\/wp\/v2\/users\/1"}],"replies":[{"embeddable":true,"href":"https:\/\/www.laboriebasse.fr\/de\/wp-json\/wp\/v2\/comments?post=202"}],"version-history":[{"count":1,"href":"https:\/\/www.laboriebasse.fr\/de\/wp-json\/wp\/v2\/pages\/202\/revisions"}],"predecessor-version":[{"id":203,"href":"https:\/\/www.laboriebasse.fr\/de\/wp-json\/wp\/v2\/pages\/202\/revisions\/203"}],"wp:attachment":[{"href":"https:\/\/www.laboriebasse.fr\/de\/wp-json\/wp\/v2\/media?parent=202"}],"curies":[{"name":"wp","href":"https:\/\/api.w.org\/{rel}","templated":true}]}}